{"id":838,"date":"2025-06-17T19:50:29","date_gmt":"2025-06-17T19:50:29","guid":{"rendered":"https:\/\/almamefinancia.com\/blog\/?page_id=838"},"modified":"2025-06-23T19:59:22","modified_gmt":"2025-06-23T19:59:22","slug":"tips-para-pymes","status":"publish","type":"page","link":"https:\/\/almamefinancia.com\/blog\/","title":{"rendered":"Tips para PyMEs"},"content":{"rendered":"\t\t<div data-elementor-type=\"wp-page\" data-elementor-id=\"838\" class=\"elementor elementor-838\" data-elementor-settings=\"{&quot;ha_cmc_init_switcher&quot;:&quot;no&quot;}\" data-elementor-post-type=\"page\">\n\t\t\t\t<div class=\"elementor-element elementor-element-97d142d e-flex e-con-boxed e-con e-parent\" data-id=\"97d142d\" data-element_type=\"container\" data-settings=\"{&quot;_ha_eqh_enable&quot;:false}\">\n\t\t\t\t\t<div class=\"e-con-inner\">\n\t\t<div class=\"elementor-element elementor-element-16efcf2 e-con-full e-flex e-con e-child\" data-id=\"16efcf2\" data-element_type=\"container\" data-settings=\"{&quot;background_background&quot;:&quot;classic&quot;,&quot;_ha_eqh_enable&quot;:false}\">\n\t\t\t\t<div class=\"elementor-element elementor-element-1fa831d elementor-widget elementor-widget-heading\" data-id=\"1fa831d\" data-element_type=\"widget\" data-widget_type=\"heading.default\">\n\t\t\t\t<div class=\"elementor-widget-container\">\n\t\t\t\t\t<h2 class=\"elementor-heading-title elementor-size-default\">\u00a1Bienvenido al Blog de Alma!<\/h2>\t\t\t\t<\/div>\n\t\t\t\t<\/div>\n\t\t\t\t<div class=\"elementor-element elementor-element-1e0e071 elementor-widget elementor-widget-text-editor\" data-id=\"1e0e071\" data-element_type=\"widget\" data-widget_type=\"text-editor.default\">\n\t\t\t\t<div class=\"elementor-widget-container\">\n\t\t\t\t\t\t\t\t\t<p>Descubre nuevos temas de tu inter\u00e9s con el contenido que subimos peri\u00f3dicamente.<\/p>\t\t\t\t\t\t\t\t<\/div>\n\t\t\t\t<\/div>\n\t\t\t\t<\/div>\n\t\t\t\t\t<\/div>\n\t\t\t\t<\/div>\n\t\t<div class=\"elementor-element elementor-element-e0d940d e-flex e-con-boxed e-con e-parent\" data-id=\"e0d940d\" data-element_type=\"container\" data-settings=\"{&quot;_ha_eqh_enable&quot;:false}\">\n\t\t\t\t\t<div class=\"e-con-inner\">\n\t\t\t\t<div class=\"elementor-element elementor-element-abab4fd ha-pg-grid-3 ha-pg-grid-tablet-2 ha-pg-grid-mobile-1 elementor-widget elementor-widget-ha-post-grid-new happy-addon ha-post-grid-new happy-addon-pro\" data-id=\"abab4fd\" data-element_type=\"widget\" data-settings=\"{&quot;columns&quot;:&quot;3&quot;,&quot;columns_tablet&quot;:&quot;2&quot;,&quot;columns_mobile&quot;:&quot;1&quot;}\" data-widget_type=\"ha-post-grid-new.default\">\n\t\t\t\t<div class=\"elementor-widget-container\">\n\t\t\t\t\t\t\t\t\t\t\t<div class=\"ha-pg-wrapper ha-pg-default ha-pg-classic\">\n\t\t\t\t\t<div class=\"ha-pg-grid-wrap\">\n\t\t\t\t\t\n\t\t\t\t\t\t\t\t<div class=\"ha-pg-item\">\n\t\t\t\t\t\t\t<div class=\"ha-pg-thumb-area\">\n\t\t\t\t\t<a href=\"https:\/\/almamefinancia.com\/blog\/las-pymes-en-mexico-y-latinoamerica\/\" class=\"ha-pg-thumb\">\n\t\t\t\t\t\t<img fetchpriority=\"high\" decoding=\"async\" width=\"535\" height=\"295\" src=\"https:\/\/almamefinancia.com\/blog\/wp-content\/uploads\/2025\/07\/Screenshot_15-1.jpg\" class=\"attachment-full size-full wp-post-image\" alt=\"\" srcset=\"https:\/\/almamefinancia.com\/blog\/wp-content\/uploads\/2025\/07\/Screenshot_15-1.jpg 535w, https:\/\/almamefinancia.com\/blog\/wp-content\/uploads\/2025\/07\/Screenshot_15-1-300x165.jpg 300w\" sizes=\"(max-width: 535px) 100vw, 535px\" \/>\t\t\t\t\t<\/a>\n\t\t\t\t\t\t\t\t\t<\/div>\n\t\t\t\t\t\t<div class=\"ha-pg-content-area\">\n\n\t\t\t\t<h4 class=\"ha-pg-title\"><a href=\"https:\/\/almamefinancia.com\/blog\/las-pymes-en-mexico-y-latinoamerica\/\">Las PYMES en M\u00e9xico y Latinoam\u00e9rica<\/a><\/h4>\n\t\t\t\t\t\t\t<div class=\"ha-pg-meta-wrap\">\n\t\t\t\t<ul>\n\t\t\t\t\t\t\t\t\t\t\t<li class=\"ha-pg-author\">\n\t\t\t\t\t\t\t\t<a class=\"ha-pg-author-text\" href=\"https:\/\/almamefinancia.com\/blog\/author\/alma\/\">\n\t\t\t\t\t\t\t<svg xmlns=\"http:\/\/www.w3.org\/2000\/svg\" width=\"32\" height=\"32\" viewBox=\"0 0 32 32\"><path d=\"M30 26.4V29c0 1.7-1.3 3-3 3H5c-1.7 0-3-1.3-3-3v-2.6c0-4.6 3.8-8.4 8.4-8.4h1c1.4 0.6 2.9 1 4.6 1s3.2-0.4 4.6-1h1C26.2 18 30 21.8 30 26.4zM8 8c0-4.4 3.6-8 8-8s8 3.6 8 8 -3.6 8-8 8S8 12.4 8 8z\"\/><\/svg>\n\t\t\t\t\t\tAlma\t\t<\/a>\n\t\t\t\t\t\t\t\t<\/li>\n\t\t\t\t\t\t\t\t\t\t\t\t\t\t\t\t<li class=\"ha-pg-date\">\n\t\t\t\t\t\t\t\t\t<a class=\"ha-pg-date-text\" href=\"https:\/\/almamefinancia.com\/blog\/2025\/07\/14\/\">\n\t\t\t\t\t\t\t<svg xmlns=\"http:\/\/www.w3.org\/2000\/svg\" width=\"32\" height=\"32\" viewBox=\"0 0 32 32\"><path d=\"M32 16c0 8.8-7.2 16-16 16S0 24.8 0 16 7.2 0 16 0 32 7.2 32 16zM22.2 19.5c0-0.3-0.2-0.6-0.4-0.8L18.1 16V6.7c0-0.6-0.5-1-1-1H15c-0.6 0-1 0.5-1 1v10 0c0 0.7 0.4 1.6 1 2l4.3 3.2c0.2 0.1 0.4 0.2 0.6 0.2 0.3 0 0.6-0.2 0.8-0.4l1.3-1.6C22.1 20 22.2 19.7 22.2 19.5z\"\/><\/svg>\n\t\t\t\t\t\t14 julio, 2025\t\t<\/a>\n\t\t\t\t\t\t\t\t<\/li>\n\t\t\t\t\t\t\t\t\t\t\t\t\t\t<\/ul>\n\t\t\t<\/div>\n\t\t\n\t\t\t\t\t\t\t<div class=\"ha-pg-excerpt\">\n\t\t\t\t<p>Microempresa Son aquellas que cuentan con: Un personal de m\u00e1ximo&hellip;<\/p>\t\t\t<\/div>\n\t\t\n\t\t\t\t<div class=\"ha-pg-readmore\"><a href=\"https:\/\/almamefinancia.com\/blog\/las-pymes-en-mexico-y-latinoamerica\/\" target=\"_blank\">Seguir Leyendo \u00bb<\/a><\/div>\t\t\t<\/div>\n\t\t<\/div>\n\t\n\t\t\t\t\t\n\t\t\t\t\t\t\t\t<div class=\"ha-pg-item\">\n\t\t\t\t\t\t\t<div class=\"ha-pg-thumb-area\">\n\t\t\t\t\t<a href=\"https:\/\/almamefinancia.com\/blog\/el-valor-de-un-buen-historial-de-credito-en-el-exito-empresarial\/\" class=\"ha-pg-thumb\">\n\t\t\t\t\t\t<img decoding=\"async\" width=\"720\" height=\"520\" src=\"https:\/\/almamefinancia.com\/blog\/wp-content\/uploads\/2025\/06\/post3.jpg\" class=\"attachment-full size-full wp-post-image\" alt=\"\" srcset=\"https:\/\/almamefinancia.com\/blog\/wp-content\/uploads\/2025\/06\/post3.jpg 720w, https:\/\/almamefinancia.com\/blog\/wp-content\/uploads\/2025\/06\/post3-300x217.jpg 300w\" sizes=\"(max-width: 720px) 100vw, 720px\" \/>\t\t\t\t\t<\/a>\n\t\t\t\t\t\t\t\t\t<\/div>\n\t\t\t\t\t\t<div class=\"ha-pg-content-area\">\n\n\t\t\t\t<h4 class=\"ha-pg-title\"><a href=\"https:\/\/almamefinancia.com\/blog\/el-valor-de-un-buen-historial-de-credito-en-el-exito-empresarial\/\">El valor de un buen historial de cr\u00e9dito en el \u00e9xito empresarial<\/a><\/h4>\n\t\t\t\t\t\t\t<div class=\"ha-pg-meta-wrap\">\n\t\t\t\t<ul>\n\t\t\t\t\t\t\t\t\t\t\t<li class=\"ha-pg-author\">\n\t\t\t\t\t\t\t\t<a class=\"ha-pg-author-text\" href=\"https:\/\/almamefinancia.com\/blog\/author\/alma\/\">\n\t\t\t\t\t\t\t<svg xmlns=\"http:\/\/www.w3.org\/2000\/svg\" width=\"32\" height=\"32\" viewBox=\"0 0 32 32\"><path d=\"M30 26.4V29c0 1.7-1.3 3-3 3H5c-1.7 0-3-1.3-3-3v-2.6c0-4.6 3.8-8.4 8.4-8.4h1c1.4 0.6 2.9 1 4.6 1s3.2-0.4 4.6-1h1C26.2 18 30 21.8 30 26.4zM8 8c0-4.4 3.6-8 8-8s8 3.6 8 8 -3.6 8-8 8S8 12.4 8 8z\"\/><\/svg>\n\t\t\t\t\t\tAlma\t\t<\/a>\n\t\t\t\t\t\t\t\t<\/li>\n\t\t\t\t\t\t\t\t\t\t\t\t\t\t\t\t<li class=\"ha-pg-date\">\n\t\t\t\t\t\t\t\t\t<a class=\"ha-pg-date-text\" href=\"https:\/\/almamefinancia.com\/blog\/2025\/06\/20\/\">\n\t\t\t\t\t\t\t<svg xmlns=\"http:\/\/www.w3.org\/2000\/svg\" width=\"32\" height=\"32\" viewBox=\"0 0 32 32\"><path d=\"M32 16c0 8.8-7.2 16-16 16S0 24.8 0 16 7.2 0 16 0 32 7.2 32 16zM22.2 19.5c0-0.3-0.2-0.6-0.4-0.8L18.1 16V6.7c0-0.6-0.5-1-1-1H15c-0.6 0-1 0.5-1 1v10 0c0 0.7 0.4 1.6 1 2l4.3 3.2c0.2 0.1 0.4 0.2 0.6 0.2 0.3 0 0.6-0.2 0.8-0.4l1.3-1.6C22.1 20 22.2 19.7 22.2 19.5z\"\/><\/svg>\n\t\t\t\t\t\t20 junio, 2025\t\t<\/a>\n\t\t\t\t\t\t\t\t<\/li>\n\t\t\t\t\t\t\t\t\t\t\t\t\t\t<\/ul>\n\t\t\t<\/div>\n\t\t\n\t\t\t\t\t\t\t<div class=\"ha-pg-excerpt\">\n\t\t\t\t<p>Cuida tu Historial de Cr\u00e9dito: Tu Reputaci\u00f3n Financiera Vale Oro&hellip;<\/p>\t\t\t<\/div>\n\t\t\n\t\t\t\t<div class=\"ha-pg-readmore\"><a href=\"https:\/\/almamefinancia.com\/blog\/el-valor-de-un-buen-historial-de-credito-en-el-exito-empresarial\/\" target=\"_blank\">Seguir Leyendo \u00bb<\/a><\/div>\t\t\t<\/div>\n\t\t<\/div>\n\t\n\t\t\t\t\t\n\t\t\t\t\t\t\t\t<div class=\"ha-pg-item\">\n\t\t\t\t\t\t\t<div class=\"ha-pg-thumb-area\">\n\t\t\t\t\t<a href=\"https:\/\/almamefinancia.com\/blog\/la-base-de-un-negocio-solido-una-gestion-financiera-eficiente\/\" class=\"ha-pg-thumb\">\n\t\t\t\t\t\t<img decoding=\"async\" width=\"720\" height=\"520\" src=\"https:\/\/almamefinancia.com\/blog\/wp-content\/uploads\/2025\/06\/post2.jpg\" class=\"attachment-full size-full wp-post-image\" alt=\"\" srcset=\"https:\/\/almamefinancia.com\/blog\/wp-content\/uploads\/2025\/06\/post2.jpg 720w, https:\/\/almamefinancia.com\/blog\/wp-content\/uploads\/2025\/06\/post2-300x217.jpg 300w\" sizes=\"(max-width: 720px) 100vw, 720px\" \/>\t\t\t\t\t<\/a>\n\t\t\t\t\t\t\t\t\t<\/div>\n\t\t\t\t\t\t<div class=\"ha-pg-content-area\">\n\n\t\t\t\t<h4 class=\"ha-pg-title\"><a href=\"https:\/\/almamefinancia.com\/blog\/la-base-de-un-negocio-solido-una-gestion-financiera-eficiente\/\">La base de un negocio s\u00f3lido: una gesti\u00f3n financiera eficiente<\/a><\/h4>\n\t\t\t\t\t\t\t<div class=\"ha-pg-meta-wrap\">\n\t\t\t\t<ul>\n\t\t\t\t\t\t\t\t\t\t\t<li class=\"ha-pg-author\">\n\t\t\t\t\t\t\t\t<a class=\"ha-pg-author-text\" href=\"https:\/\/almamefinancia.com\/blog\/author\/alma\/\">\n\t\t\t\t\t\t\t<svg xmlns=\"http:\/\/www.w3.org\/2000\/svg\" width=\"32\" height=\"32\" viewBox=\"0 0 32 32\"><path d=\"M30 26.4V29c0 1.7-1.3 3-3 3H5c-1.7 0-3-1.3-3-3v-2.6c0-4.6 3.8-8.4 8.4-8.4h1c1.4 0.6 2.9 1 4.6 1s3.2-0.4 4.6-1h1C26.2 18 30 21.8 30 26.4zM8 8c0-4.4 3.6-8 8-8s8 3.6 8 8 -3.6 8-8 8S8 12.4 8 8z\"\/><\/svg>\n\t\t\t\t\t\tAlma\t\t<\/a>\n\t\t\t\t\t\t\t\t<\/li>\n\t\t\t\t\t\t\t\t\t\t\t\t\t\t\t\t<li class=\"ha-pg-date\">\n\t\t\t\t\t\t\t\t\t<a class=\"ha-pg-date-text\" href=\"https:\/\/almamefinancia.com\/blog\/2025\/06\/20\/\">\n\t\t\t\t\t\t\t<svg xmlns=\"http:\/\/www.w3.org\/2000\/svg\" width=\"32\" height=\"32\" viewBox=\"0 0 32 32\"><path d=\"M32 16c0 8.8-7.2 16-16 16S0 24.8 0 16 7.2 0 16 0 32 7.2 32 16zM22.2 19.5c0-0.3-0.2-0.6-0.4-0.8L18.1 16V6.7c0-0.6-0.5-1-1-1H15c-0.6 0-1 0.5-1 1v10 0c0 0.7 0.4 1.6 1 2l4.3 3.2c0.2 0.1 0.4 0.2 0.6 0.2 0.3 0 0.6-0.2 0.8-0.4l1.3-1.6C22.1 20 22.2 19.7 22.2 19.5z\"\/><\/svg>\n\t\t\t\t\t\t20 junio, 2025\t\t<\/a>\n\t\t\t\t\t\t\t\t<\/li>\n\t\t\t\t\t\t\t\t\t\t\t\t\t\t<\/ul>\n\t\t\t<\/div>\n\t\t\n\t\t\t\t\t\t\t<div class=\"ha-pg-excerpt\">\n\t\t\t\t<p>Gestiona tus Finanzas para Hacer Crecer tu Negocio Tener ingresos&hellip;<\/p>\t\t\t<\/div>\n\t\t\n\t\t\t\t<div class=\"ha-pg-readmore\"><a href=\"https:\/\/almamefinancia.com\/blog\/la-base-de-un-negocio-solido-una-gestion-financiera-eficiente\/\" target=\"_blank\">Seguir Leyendo \u00bb<\/a><\/div>\t\t\t<\/div>\n\t\t<\/div>\n\t\n\t\t\t\t\t\n\t\t\t\t\t\t\t\t<div class=\"ha-pg-item\">\n\t\t\t\t\t\t\t<div class=\"ha-pg-thumb-area\">\n\t\t\t\t\t<a href=\"https:\/\/almamefinancia.com\/blog\/tu-negocio-esta-listo-para-financiar-su-crecimiento\/\" class=\"ha-pg-thumb\">\n\t\t\t\t\t\t<img loading=\"lazy\" decoding=\"async\" width=\"720\" height=\"520\" src=\"https:\/\/almamefinancia.com\/blog\/wp-content\/uploads\/2025\/06\/post1.jpg\" class=\"attachment-full size-full wp-post-image\" alt=\"\" srcset=\"https:\/\/almamefinancia.com\/blog\/wp-content\/uploads\/2025\/06\/post1.jpg 720w, https:\/\/almamefinancia.com\/blog\/wp-content\/uploads\/2025\/06\/post1-300x217.jpg 300w\" sizes=\"(max-width: 720px) 100vw, 720px\" \/>\t\t\t\t\t<\/a>\n\t\t\t\t\t\t\t\t\t<\/div>\n\t\t\t\t\t\t<div class=\"ha-pg-content-area\">\n\n\t\t\t\t<h4 class=\"ha-pg-title\"><a href=\"https:\/\/almamefinancia.com\/blog\/tu-negocio-esta-listo-para-financiar-su-crecimiento\/\">\u00bfTu negocio est\u00e1 listo para financiar su crecimiento?<\/a><\/h4>\n\t\t\t\t\t\t\t<div class=\"ha-pg-meta-wrap\">\n\t\t\t\t<ul>\n\t\t\t\t\t\t\t\t\t\t\t<li class=\"ha-pg-author\">\n\t\t\t\t\t\t\t\t<a class=\"ha-pg-author-text\" href=\"https:\/\/almamefinancia.com\/blog\/author\/alma\/\">\n\t\t\t\t\t\t\t<svg xmlns=\"http:\/\/www.w3.org\/2000\/svg\" width=\"32\" height=\"32\" viewBox=\"0 0 32 32\"><path d=\"M30 26.4V29c0 1.7-1.3 3-3 3H5c-1.7 0-3-1.3-3-3v-2.6c0-4.6 3.8-8.4 8.4-8.4h1c1.4 0.6 2.9 1 4.6 1s3.2-0.4 4.6-1h1C26.2 18 30 21.8 30 26.4zM8 8c0-4.4 3.6-8 8-8s8 3.6 8 8 -3.6 8-8 8S8 12.4 8 8z\"\/><\/svg>\n\t\t\t\t\t\tAlma\t\t<\/a>\n\t\t\t\t\t\t\t\t<\/li>\n\t\t\t\t\t\t\t\t\t\t\t\t\t\t\t\t<li class=\"ha-pg-date\">\n\t\t\t\t\t\t\t\t\t<a class=\"ha-pg-date-text\" href=\"https:\/\/almamefinancia.com\/blog\/2025\/06\/20\/\">\n\t\t\t\t\t\t\t<svg xmlns=\"http:\/\/www.w3.org\/2000\/svg\" width=\"32\" height=\"32\" viewBox=\"0 0 32 32\"><path d=\"M32 16c0 8.8-7.2 16-16 16S0 24.8 0 16 7.2 0 16 0 32 7.2 32 16zM22.2 19.5c0-0.3-0.2-0.6-0.4-0.8L18.1 16V6.7c0-0.6-0.5-1-1-1H15c-0.6 0-1 0.5-1 1v10 0c0 0.7 0.4 1.6 1 2l4.3 3.2c0.2 0.1 0.4 0.2 0.6 0.2 0.3 0 0.6-0.2 0.8-0.4l1.3-1.6C22.1 20 22.2 19.7 22.2 19.5z\"\/><\/svg>\n\t\t\t\t\t\t20 junio, 2025\t\t<\/a>\n\t\t\t\t\t\t\t\t<\/li>\n\t\t\t\t\t\t\t\t\t\t\t\t\t\t<\/ul>\n\t\t\t<\/div>\n\t\t\n\t\t\t\t\t\t\t<div class=\"ha-pg-excerpt\">\n\t\t\t\t<p>Planea tu Cr\u00e9dito con Estrategia y Seguridad Financiera Antes de&hellip;<\/p>\t\t\t<\/div>\n\t\t\n\t\t\t\t<div class=\"ha-pg-readmore\"><a href=\"https:\/\/almamefinancia.com\/blog\/tu-negocio-esta-listo-para-financiar-su-crecimiento\/\" target=\"_blank\">Seguir Leyendo \u00bb<\/a><\/div>\t\t\t<\/div>\n\t\t<\/div>\n\t\n\t\t\t\t\t\n\t\t\t\t\t\t\t\t<div class=\"ha-pg-item\">\n\t\t\t\t\t\t\t<div class=\"ha-pg-thumb-area\">\n\t\t\t\t\t<a href=\"https:\/\/almamefinancia.com\/blog\/beneficios-de-obtener-un-credito-para-tu-negocio\/\" class=\"ha-pg-thumb\">\n\t\t\t\t\t\t<img loading=\"lazy\" decoding=\"async\" width=\"600\" height=\"600\" src=\"https:\/\/almamefinancia.com\/blog\/wp-content\/uploads\/2025\/06\/alamamefinancia-credito-para-negocio-beneficios.jpg\" class=\"attachment-full size-full wp-post-image\" alt=\"\" srcset=\"https:\/\/almamefinancia.com\/blog\/wp-content\/uploads\/2025\/06\/alamamefinancia-credito-para-negocio-beneficios.jpg 600w, https:\/\/almamefinancia.com\/blog\/wp-content\/uploads\/2025\/06\/alamamefinancia-credito-para-negocio-beneficios-300x300.jpg 300w, https:\/\/almamefinancia.com\/blog\/wp-content\/uploads\/2025\/06\/alamamefinancia-credito-para-negocio-beneficios-150x150.jpg 150w\" sizes=\"(max-width: 600px) 100vw, 600px\" \/>\t\t\t\t\t<\/a>\n\t\t\t\t\t\t\t\t\t<\/div>\n\t\t\t\t\t\t<div class=\"ha-pg-content-area\">\n\n\t\t\t\t<h4 class=\"ha-pg-title\"><a href=\"https:\/\/almamefinancia.com\/blog\/beneficios-de-obtener-un-credito-para-tu-negocio\/\">Beneficios de obtener un cr\u00e9dito para tu negocio<\/a><\/h4>\n\t\t\t\t\t\t\t<div class=\"ha-pg-meta-wrap\">\n\t\t\t\t<ul>\n\t\t\t\t\t\t\t\t\t\t\t<li class=\"ha-pg-author\">\n\t\t\t\t\t\t\t\t<a class=\"ha-pg-author-text\" href=\"https:\/\/almamefinancia.com\/blog\/author\/alma\/\">\n\t\t\t\t\t\t\t<svg xmlns=\"http:\/\/www.w3.org\/2000\/svg\" width=\"32\" height=\"32\" viewBox=\"0 0 32 32\"><path d=\"M30 26.4V29c0 1.7-1.3 3-3 3H5c-1.7 0-3-1.3-3-3v-2.6c0-4.6 3.8-8.4 8.4-8.4h1c1.4 0.6 2.9 1 4.6 1s3.2-0.4 4.6-1h1C26.2 18 30 21.8 30 26.4zM8 8c0-4.4 3.6-8 8-8s8 3.6 8 8 -3.6 8-8 8S8 12.4 8 8z\"\/><\/svg>\n\t\t\t\t\t\tAlma\t\t<\/a>\n\t\t\t\t\t\t\t\t<\/li>\n\t\t\t\t\t\t\t\t\t\t\t\t\t\t\t\t<li class=\"ha-pg-date\">\n\t\t\t\t\t\t\t\t\t<a class=\"ha-pg-date-text\" href=\"https:\/\/almamefinancia.com\/blog\/2025\/06\/19\/\">\n\t\t\t\t\t\t\t<svg xmlns=\"http:\/\/www.w3.org\/2000\/svg\" width=\"32\" height=\"32\" viewBox=\"0 0 32 32\"><path d=\"M32 16c0 8.8-7.2 16-16 16S0 24.8 0 16 7.2 0 16 0 32 7.2 32 16zM22.2 19.5c0-0.3-0.2-0.6-0.4-0.8L18.1 16V6.7c0-0.6-0.5-1-1-1H15c-0.6 0-1 0.5-1 1v10 0c0 0.7 0.4 1.6 1 2l4.3 3.2c0.2 0.1 0.4 0.2 0.6 0.2 0.3 0 0.6-0.2 0.8-0.4l1.3-1.6C22.1 20 22.2 19.7 22.2 19.5z\"\/><\/svg>\n\t\t\t\t\t\t19 junio, 2025\t\t<\/a>\n\t\t\t\t\t\t\t\t<\/li>\n\t\t\t\t\t\t\t\t\t\t\t\t\t\t<\/ul>\n\t\t\t<\/div>\n\t\t\n\t\t\t\t\t\t\t<div class=\"ha-pg-excerpt\">\n\t\t\t\t<p>Obtener un cr\u00e9dito para tu negocio puede ser una de&hellip;<\/p>\t\t\t<\/div>\n\t\t\n\t\t\t\t<div class=\"ha-pg-readmore\"><a href=\"https:\/\/almamefinancia.com\/blog\/beneficios-de-obtener-un-credito-para-tu-negocio\/\" target=\"_blank\">Seguir Leyendo \u00bb<\/a><\/div>\t\t\t<\/div>\n\t\t<\/div>\n\t\n\t\t\t\t\t\n\t\t\t\t\t\t\t\t<div class=\"ha-pg-item\">\n\t\t\t\t\t\t\t<div class=\"ha-pg-thumb-area\">\n\t\t\t\t\t<a href=\"https:\/\/almamefinancia.com\/blog\/5-estrategias-infalibles-para-impulsar-el-crecimiento-de-tu-pyme-en-mexico\/\" class=\"ha-pg-thumb\">\n\t\t\t\t\t\t<img loading=\"lazy\" decoding=\"async\" width=\"2560\" height=\"1396\" src=\"https:\/\/almamefinancia.com\/blog\/wp-content\/uploads\/2025\/06\/5-Estrategias-Infalibles-para-Impulsar-el-Crecimiento-de-tu-PyME-en-Mexico-scaled.png\" class=\"attachment-full size-full wp-post-image\" alt=\"\" srcset=\"https:\/\/almamefinancia.com\/blog\/wp-content\/uploads\/2025\/06\/5-Estrategias-Infalibles-para-Impulsar-el-Crecimiento-de-tu-PyME-en-Mexico-scaled.png 2560w, https:\/\/almamefinancia.com\/blog\/wp-content\/uploads\/2025\/06\/5-Estrategias-Infalibles-para-Impulsar-el-Crecimiento-de-tu-PyME-en-Mexico-300x164.png 300w, https:\/\/almamefinancia.com\/blog\/wp-content\/uploads\/2025\/06\/5-Estrategias-Infalibles-para-Impulsar-el-Crecimiento-de-tu-PyME-en-Mexico-1024x559.png 1024w, https:\/\/almamefinancia.com\/blog\/wp-content\/uploads\/2025\/06\/5-Estrategias-Infalibles-para-Impulsar-el-Crecimiento-de-tu-PyME-en-Mexico-768x419.png 768w, https:\/\/almamefinancia.com\/blog\/wp-content\/uploads\/2025\/06\/5-Estrategias-Infalibles-para-Impulsar-el-Crecimiento-de-tu-PyME-en-Mexico-1536x838.png 1536w, https:\/\/almamefinancia.com\/blog\/wp-content\/uploads\/2025\/06\/5-Estrategias-Infalibles-para-Impulsar-el-Crecimiento-de-tu-PyME-en-Mexico-2048x1117.png 2048w\" sizes=\"(max-width: 2560px) 100vw, 2560px\" \/>\t\t\t\t\t<\/a>\n\t\t\t\t\t\t\t\t\t<\/div>\n\t\t\t\t\t\t<div class=\"ha-pg-content-area\">\n\n\t\t\t\t<h4 class=\"ha-pg-title\"><a href=\"https:\/\/almamefinancia.com\/blog\/5-estrategias-infalibles-para-impulsar-el-crecimiento-de-tu-pyme-en-mexico\/\">5 Estrategias Infalibles para Impulsar el Crecimiento de tu PyME en M\u00e9xico<\/a><\/h4>\n\t\t\t\t\t\t\t<div class=\"ha-pg-meta-wrap\">\n\t\t\t\t<ul>\n\t\t\t\t\t\t\t\t\t\t\t<li class=\"ha-pg-author\">\n\t\t\t\t\t\t\t\t<a class=\"ha-pg-author-text\" href=\"https:\/\/almamefinancia.com\/blog\/author\/alma\/\">\n\t\t\t\t\t\t\t<svg xmlns=\"http:\/\/www.w3.org\/2000\/svg\" width=\"32\" height=\"32\" viewBox=\"0 0 32 32\"><path d=\"M30 26.4V29c0 1.7-1.3 3-3 3H5c-1.7 0-3-1.3-3-3v-2.6c0-4.6 3.8-8.4 8.4-8.4h1c1.4 0.6 2.9 1 4.6 1s3.2-0.4 4.6-1h1C26.2 18 30 21.8 30 26.4zM8 8c0-4.4 3.6-8 8-8s8 3.6 8 8 -3.6 8-8 8S8 12.4 8 8z\"\/><\/svg>\n\t\t\t\t\t\tAlma\t\t<\/a>\n\t\t\t\t\t\t\t\t<\/li>\n\t\t\t\t\t\t\t\t\t\t\t\t\t\t\t\t<li class=\"ha-pg-date\">\n\t\t\t\t\t\t\t\t\t<a class=\"ha-pg-date-text\" href=\"https:\/\/almamefinancia.com\/blog\/2025\/06\/17\/\">\n\t\t\t\t\t\t\t<svg xmlns=\"http:\/\/www.w3.org\/2000\/svg\" width=\"32\" height=\"32\" viewBox=\"0 0 32 32\"><path d=\"M32 16c0 8.8-7.2 16-16 16S0 24.8 0 16 7.2 0 16 0 32 7.2 32 16zM22.2 19.5c0-0.3-0.2-0.6-0.4-0.8L18.1 16V6.7c0-0.6-0.5-1-1-1H15c-0.6 0-1 0.5-1 1v10 0c0 0.7 0.4 1.6 1 2l4.3 3.2c0.2 0.1 0.4 0.2 0.6 0.2 0.3 0 0.6-0.2 0.8-0.4l1.3-1.6C22.1 20 22.2 19.7 22.2 19.5z\"\/><\/svg>\n\t\t\t\t\t\t17 junio, 2025\t\t<\/a>\n\t\t\t\t\t\t\t\t<\/li>\n\t\t\t\t\t\t\t\t\t\t\t\t\t\t<\/ul>\n\t\t\t<\/div>\n\t\t\n\t\t\t\t\t\t\t<div class=\"ha-pg-excerpt\">\n\t\t\t\t<p>En el din\u00e1mico panorama empresarial de M\u00e9xico, cada peque\u00f1o negocio&hellip;<\/p>\t\t\t<\/div>\n\t\t\n\t\t\t\t<div class=\"ha-pg-readmore\"><a href=\"https:\/\/almamefinancia.com\/blog\/5-estrategias-infalibles-para-impulsar-el-crecimiento-de-tu-pyme-en-mexico\/\" target=\"_blank\">Seguir Leyendo \u00bb<\/a><\/div>\t\t\t<\/div>\n\t\t<\/div>\n\t\n\t\t\t\t\t\t\t\t\t\t\t\t\t\t\t<\/div>\n\t\t\t\t\t\t\t\t\t<\/div>\n\t\t\t\t\t\t\t\t\t<\/div>\n\t\t\t\t<\/div>\n\t\t\t\t\t<\/div>\n\t\t\t\t<\/div>\n\t\t\t\t<\/div>\n\t\t","protected":false},"excerpt":{"rendered":"<p>\u00a1Bienvenido al Blog de Alma! Descubre nuevos temas de tu inter\u00e9s con el contenido que subimos peri\u00f3dicamente. El valor de un buen historial de cr\u00e9dito en el \u00e9xito empresarial almamefinancia 20 junio, 2025 Cuida tu Historial de Cr\u00e9dito: Tu Reputaci\u00f3n Financiera Vale Oro&hellip; Seguir Leyendo \u00bb La base de un negocio s\u00f3lido: una gesti\u00f3n financiera [&hellip;]<\/p>\n","protected":false},"author":1,"featured_media":0,"parent":0,"menu_order":0,"comment_status":"closed","ping_status":"closed","template":"","meta":{"om_disable_all_campaigns":false,"_monsterinsights_skip_tracking":false,"_monsterinsights_sitenote_active":false,"_monsterinsights_sitenote_note":"","_monsterinsights_sitenote_category":0,"site-sidebar-layout":"no-sidebar","site-content-layout":"page-builder","ast-site-content-layout":"full-width-container","site-content-style":"default","site-sidebar-style":"default","ast-global-header-display":"","ast-banner-title-visibility":"","ast-main-header-display":"","ast-hfb-above-header-display":"","ast-hfb-below-header-display":"","ast-hfb-mobile-header-display":"","site-post-title":"disabled","ast-breadcrumbs-content":"","ast-featured-img":"disabled","footer-sml-layout":"","theme-transparent-header-meta":"","adv-header-id-meta":"","stick-header-meta":"","header-above-stick-meta":"","header-main-stick-meta":"","header-below-stick-meta":"","astra-migrate-meta-layouts":"set","ast-page-background-enabled":"default","ast-page-background-meta":{"desktop":{"background-color":"","background-image":"","background-repeat":"repeat","background-position":"center center","background-size":"auto","background-attachment":"scroll","background-type":"","background-media":"","overlay-type":"","overlay-color":"","overlay-opacity":"","overlay-gradient":""},"tablet":{"background-color":"","background-image":"","background-repeat":"repeat","background-position":"center center","background-size":"auto","background-attachment":"scroll","background-type":"","background-media":"","overlay-type":"","overlay-color":"","overlay-opacity":"","overlay-gradient":""},"mobile":{"background-color":"","background-image":"","background-repeat":"repeat","background-position":"center center","background-size":"auto","background-attachment":"scroll","background-type":"","background-media":"","overlay-type":"","overlay-color":"","overlay-opacity":"","overlay-gradient":""}},"ast-content-background-meta":{"desktop":{"background-color":"var(--ast-global-color-5)","background-image":"","background-repeat":"repeat","background-position":"center center","background-size":"auto","background-attachment":"scroll","background-type":"","background-media":"","overlay-type":"","overlay-color":"","overlay-opacity":"","overlay-gradient":""},"tablet":{"background-color":"var(--ast-global-color-5)","background-image":"","background-repeat":"repeat","background-position":"center center","background-size":"auto","background-attachment":"scroll","background-type":"","background-media":"","overlay-type":"","overlay-color":"","overlay-opacity":"","overlay-gradient":""},"mobile":{"background-color":"var(--ast-global-color-5)","background-image":"","background-repeat":"repeat","background-position":"center center","background-size":"auto","background-attachment":"scroll","background-type":"","background-media":"","overlay-type":"","overlay-color":"","overlay-opacity":"","overlay-gradient":""}},"footnotes":""},"class_list":["post-838","page","type-page","status-publish","hentry"],"aioseo_notices":[],"_links":{"self":[{"href":"https:\/\/almamefinancia.com\/blog\/wp-json\/wp\/v2\/pages\/838","targetHints":{"allow":["GET"]}}],"collection":[{"href":"https:\/\/almamefinancia.com\/blog\/wp-json\/wp\/v2\/pages"}],"about":[{"href":"https:\/\/almamefinancia.com\/blog\/wp-json\/wp\/v2\/types\/page"}],"author":[{"embeddable":true,"href":"https:\/\/almamefinancia.com\/blog\/wp-json\/wp\/v2\/users\/1"}],"replies":[{"embeddable":true,"href":"https:\/\/almamefinancia.com\/blog\/wp-json\/wp\/v2\/comments?post=838"}],"version-history":[{"count":118,"href":"https:\/\/almamefinancia.com\/blog\/wp-json\/wp\/v2\/pages\/838\/revisions"}],"predecessor-version":[{"id":1194,"href":"https:\/\/almamefinancia.com\/blog\/wp-json\/wp\/v2\/pages\/838\/revisions\/1194"}],"wp:attachment":[{"href":"https:\/\/almamefinancia.com\/blog\/wp-json\/wp\/v2\/media?parent=838"}],"curies":[{"name":"wp","href":"https:\/\/api.w.org\/{rel}","templated":true}]}}